{"id":487,"date":"2019-03-20T23:45:37","date_gmt":"2019-03-20T23:45:37","guid":{"rendered":"http:\/\/demo.ovathemes.com\/pogon\/?page_id=487"},"modified":"2025-03-10T18:26:24","modified_gmt":"2025-03-11T00:26:24","slug":"home-page-1","status":"publish","type":"page","link":"https:\/\/promociones.100ladrillos.com\/","title":{"rendered":"Promociones 100 Ladrillos"},"content":{"rendered":"<h2 class=\"wp-block-heading\">Oportunidades de inversi\u00f3n que impulsan tus rendimientos<\/h2><p>En 100 Ladrillos <strong>cuidamos<\/strong>,<strong> protegemos <\/strong>e<strong> impulsamos<\/strong> tu capital con <strong>mejores inversiones<\/strong>. Por ello, las <strong>promociones<\/strong> que presentamos son m\u00e1s que un comercial, son <strong>herramientas financieras<\/strong> dise\u00f1adas para <strong>maximizar el rendimiento<\/strong> de tu inversi\u00f3n.&nbsp;<\/p><p>Cada promoci\u00f3n est\u00e1 <em>dise\u00f1ada<\/em> para que tu <strong><i>capital crezca <\/i><\/strong>y con el objetivo de <i>fomentar la inversi\u00f3n<\/i> a trav\u00e9s de nuestro <strong><i>Mercado de Preventa<\/i><\/strong> \u2013<i>con descuentos en nuevas propiedades<\/i>\u2013 y&nbsp; <strong><i>Mercado de Reventa<\/i><\/strong> \u2013<i>donde puedes adquirir Ladrillos de propiedades que ya generan rendimientos<\/i>\u2013.<\/p><p>Invertir con promociones significa <em>acceder a<\/em> <strong>condiciones preferenciales <\/strong>que te brindan la oportunidad de <strong>diversificar<\/strong> y <strong>fortalecer tu portafolio<\/strong> inmobiliario.<\/p><h2 class=\"wp-block-heading\">T\u00e9rminos y condiciones<\/h2><p>Cada promoci\u00f3n tiene <em>reglas espec\u00edficas<\/em> que garantizan su <b>transparencia<\/b>.&nbsp;Antes de participar, te invitamos a <strong>revisar los t\u00e9rminos y condiciones<\/strong> de cada oferta. Estos incluyen detalles como <em>vigencia<\/em>, <em>requisitos,<\/em>&nbsp;<em>beneficios<\/em>, tipo de <em>mercado<\/em>, tipo de<em> inmueble<\/em> y <em>monto de inversi\u00f3n<\/em>.<\/p><p>A continuaci\u00f3n, <em>descubre<\/em> nuestras <em>promociones activas<\/em> y&nbsp; <em>elige<\/em> la que mejor se <strong>adapte<\/strong> a tu <strong>estrategia de inversi\u00f3n.<\/strong><\/p><h2 class=\"wp-block-heading\">Promociones disponibles<br>\n<\/h2><ul style=\"color:#f20544; font-size:23px;font-style:normal;font-weight:400;letter-spacing:0.5px;\" class=\"wp-block-latest-posts__list is-grid columns-2 has-link-color wp-elements-f5a87e4725463fe5cae5e2ab09007d2c wp-block-latest-posts has-text-color\"><li><div class=\"wp-block-latest-posts__featured-image\"><a href=\"https:\/\/promociones.100ladrillos.com\/index.php\/entrebosques-la-raiz-de-tu-inversion\/\" aria-label=\"\u201cEntrebosques: la ra\u00edz de tu inversi\u00f3n\u201d\"><img fetchpriority=\"high\" decoding=\"async\" width=\"1024\" height=\"224\" src=\"https:\/\/promociones.100ladrillos.com\/wp-content\/uploads\/2025\/02\/banner-entrreblsoques-1024x224.webp\" class=\"attachment-large size-large wp-post-image\" alt=\"Portada para los t\u00e9rminos y condiciones de la promoci\u00f3n &quot;Entrebosques, la ra\u00edz de tu inversi\u00f3n&quot;\" style=\"max-width:550px;max-height:450px;\" srcset=\"https:\/\/promociones.100ladrillos.com\/wp-content\/uploads\/2025\/02\/banner-entrreblsoques-1024x224.webp 1024w, https:\/\/promociones.100ladrillos.com\/wp-content\/uploads\/2025\/02\/banner-entrreblsoques-300x66.webp 300w, https:\/\/promociones.100ladrillos.com\/wp-content\/uploads\/2025\/02\/banner-entrreblsoques-768x168.webp 768w, https:\/\/promociones.100ladrillos.com\/wp-content\/uploads\/2025\/02\/banner-entrreblsoques-1536x336.webp 1536w, https:\/\/promociones.100ladrillos.com\/wp-content\/uploads\/2025\/02\/banner-entrreblsoques.webp 1744w\" sizes=\"(max-width: 1024px) 100vw, 1024px\" \/><\/a><\/div><a class=\"wp-block-latest-posts__post-title\" href=\"https:\/\/promociones.100ladrillos.com\/index.php\/entrebosques-la-raiz-de-tu-inversion\/\">\u201cEntrebosques: la ra\u00edz de tu inversi\u00f3n\u201d<\/a><\/li>\n<li><div class=\"wp-block-latest-posts__featured-image\"><a href=\"https:\/\/promociones.100ladrillos.com\/index.php\/descuento-de-preventa\/\" aria-label=\"Descuento de preventa\"><img decoding=\"async\" width=\"1024\" height=\"224\" src=\"https:\/\/promociones.100ladrillos.com\/wp-content\/uploads\/2022\/01\/banner-bloog-1-1024x224.jpg\" class=\"attachment-large size-large wp-post-image\" alt=\"descuento mercado de preventa\" style=\"max-width:550px;max-height:450px;\" srcset=\"https:\/\/promociones.100ladrillos.com\/wp-content\/uploads\/2022\/01\/banner-bloog-1-1024x224.jpg 1024w, https:\/\/promociones.100ladrillos.com\/wp-content\/uploads\/2022\/01\/banner-bloog-1-300x66.jpg 300w, https:\/\/promociones.100ladrillos.com\/wp-content\/uploads\/2022\/01\/banner-bloog-1-768x168.jpg 768w, https:\/\/promociones.100ladrillos.com\/wp-content\/uploads\/2022\/01\/banner-bloog-1-1536x336.jpg 1536w, https:\/\/promociones.100ladrillos.com\/wp-content\/uploads\/2022\/01\/banner-bloog-1.jpg 1744w\" sizes=\"(max-width: 1024px) 100vw, 1024px\" \/><\/a><\/div><a class=\"wp-block-latest-posts__post-title\" href=\"https:\/\/promociones.100ladrillos.com\/index.php\/descuento-de-preventa\/\">Descuento de preventa<\/a><\/li>\n<li><div class=\"wp-block-latest-posts__featured-image\"><a href=\"https:\/\/promociones.100ladrillos.com\/index.php\/descuento-por-volumen\/\" aria-label=\"Descuento por volumen\"><img decoding=\"async\" width=\"1024\" height=\"224\" src=\"https:\/\/promociones.100ladrillos.com\/wp-content\/uploads\/2022\/01\/banner-por-volumen-1-1024x224.jpg\" class=\"attachment-large size-large wp-post-image\" alt=\"DESCUENTO POR VOLUMEN 100 LADRILLOS\" style=\"max-width:550px;max-height:450px;\" srcset=\"https:\/\/promociones.100ladrillos.com\/wp-content\/uploads\/2022\/01\/banner-por-volumen-1-1024x224.jpg 1024w, https:\/\/promociones.100ladrillos.com\/wp-content\/uploads\/2022\/01\/banner-por-volumen-1-300x66.jpg 300w, https:\/\/promociones.100ladrillos.com\/wp-content\/uploads\/2022\/01\/banner-por-volumen-1-768x168.jpg 768w, https:\/\/promociones.100ladrillos.com\/wp-content\/uploads\/2022\/01\/banner-por-volumen-1-1536x336.jpg 1536w, https:\/\/promociones.100ladrillos.com\/wp-content\/uploads\/2022\/01\/banner-por-volumen-1.jpg 1744w\" sizes=\"(max-width: 1024px) 100vw, 1024px\" \/><\/a><\/div><a class=\"wp-block-latest-posts__post-title\" href=\"https:\/\/promociones.100ladrillos.com\/index.php\/descuento-por-volumen\/\">Descuento por volumen<\/a><\/li>\n<\/ul>","protected":false},"excerpt":{"rendered":"<p>Oportunidades de inversi\u00f3n que impulsan tus rendimientos En 100 Ladrillos cuidamos, protegemos e impulsamos tu capital con mejores inversiones. Por ello, las promociones que presentamos son m\u00e1s que un comercial, son herramientas financieras dise\u00f1adas para maximizar el rendimiento de tu inversi\u00f3n.&nbsp; Cada promoci\u00f3n est\u00e1 dise\u00f1ada para que tu capital crezca y con el objetivo de [&hellip;]<\/p>\n","protected":false},"author":1,"featured_media":0,"parent":0,"menu_order":0,"comment_status":"closed","ping_status":"closed","template":"","meta":{"footnotes":""},"class_list":["post-487","page","type-page","status-publish","hentry"],"_links":{"self":[{"href":"https:\/\/promociones.100ladrillos.com\/index.php\/wp-json\/wp\/v2\/pages\/487","targetHints":{"allow":["GET"]}}],"collection":[{"href":"https:\/\/promociones.100ladrillos.com\/index.php\/wp-json\/wp\/v2\/pages"}],"about":[{"href":"https:\/\/promociones.100ladrillos.com\/index.php\/wp-json\/wp\/v2\/types\/page"}],"author":[{"embeddable":true,"href":"https:\/\/promociones.100ladrillos.com\/index.php\/wp-json\/wp\/v2\/users\/1"}],"replies":[{"embeddable":true,"href":"https:\/\/promociones.100ladrillos.com\/index.php\/wp-json\/wp\/v2\/comments?post=487"}],"version-history":[{"count":141,"href":"https:\/\/promociones.100ladrillos.com\/index.php\/wp-json\/wp\/v2\/pages\/487\/revisions"}],"predecessor-version":[{"id":3586,"href":"https:\/\/promociones.100ladrillos.com\/index.php\/wp-json\/wp\/v2\/pages\/487\/revisions\/3586"}],"wp:attachment":[{"href":"https:\/\/promociones.100ladrillos.com\/index.php\/wp-json\/wp\/v2\/media?parent=487"}],"curies":[{"name":"wp","href":"https:\/\/api.w.org\/{rel}","templated":true}]}}